{"id":12500,"date":"2022-07-03T16:15:23","date_gmt":"2022-07-03T11:45:23","guid":{"rendered":"https:\/\/goldentigertoy.com\/?page_id=12500"},"modified":"2023-07-22T13:06:32","modified_gmt":"2023-07-22T09:36:32","slug":"%d8%aa%d9%85%d8%a7%d8%b3-%d8%a8%d8%a7-%d9%85%d8%a7","status":"publish","type":"page","link":"https:\/\/goldentigertoy.com\/tr\/%d8%aa%d9%85%d8%a7%d8%b3-%d8%a8%d8%a7-%d9%85%d8%a7\/","title":{"rendered":"\u062a\u0645\u0627\u0633 \u0628\u0627 \u0645\u0627"},"content":{"rendered":"\t\t<div data-elementor-type=\"wp-page\" data-elementor-id=\"12500\" class=\"elementor elementor-12500 elementor-8501\" data-elementor-post-type=\"page\">\n\t\t\t\t\t\t<section class=\"elementor-section elementor-top-section elementor-element elementor-element-f70ce9c elementor-section-boxed elementor-section-height-default elementor-section-height-default wd-section-disabled\" data-id=\"f70ce9c\" data-element_type=\"section\">\n\t\t\t\t\t\t<div class=\"elementor-container elementor-column-gap-default\">\n\t\t\t\t\t<div class=\"elementor-column elementor-col-100 elementor-top-column elementor-element elementor-element-35bc61f\" data-id=\"35bc61f\" data-element_type=\"column\">\n\t\t\t<div class=\"elementor-widget-wrap elementor-element-populated\">\n\t\t\t\t\t\t<div class=\"elementor-element elementor-element-6f7c575 elementor-widget elementor-widget-google_maps\" data-id=\"6f7c575\" data-element_type=\"widget\" data-widget_type=\"google_maps.default\">\n\t\t\t\t<div class=\"elementor-widget-container\">\n\t\t\t\t\t\t\t<div class=\"elementor-custom-embed\">\n\t\t\t<iframe loading=\"lazy\"\n\t\t\t\t\tsrc=\"https:\/\/maps.google.com\/maps?q=35%C2%B045%2735.1%22N%2051%C2%B003%2727.7%22E&#038;t=m&#038;z=13&#038;output=embed&#038;iwloc=near\"\n\t\t\t\t\ttitle=\"35\u00b045&#039;35.1&quot;N 51\u00b003&#039;27.7&quot;E\"\n\t\t\t\t\taria-label=\"35\u00b045&#039;35.1&quot;N 51\u00b003&#039;27.7&quot;E\"\n\t\t\t><\/iframe>\n\t\t<\/div>\n\t\t\t\t\t\t<\/div>\n\t\t\t\t<\/div>\n\t\t\t\t\t<\/div>\n\t\t<\/div>\n\t\t\t\t\t<\/div>\n\t\t<\/section>\n\t\t\t\t<section class=\"elementor-section elementor-top-section elementor-element elementor-element-a8f3b71 elementor-section-boxed elementor-section-height-default elementor-section-height-default wd-section-disabled\" data-id=\"a8f3b71\" data-element_type=\"section\">\n\t\t\t\t\t\t<div class=\"elementor-container elementor-column-gap-default\">\n\t\t\t\t\t<div class=\"elementor-column elementor-col-50 elementor-top-column elementor-element elementor-element-3bfe540\" data-id=\"3bfe540\" data-element_type=\"column\">\n\t\t\t<div class=\"elementor-widget-wrap elementor-element-populated\">\n\t\t\t\t\t\t<div class=\"elementor-element elementor-element-c023b2d color-scheme-inherit text-left elementor-widget elementor-widget-text-editor\" data-id=\"c023b2d\" data-element_type=\"widget\" data-widget_type=\"text-editor.default\">\n\t\t\t\t<div class=\"elementor-widget-container\">\n\t\t\t\t\t\t\t\t\t<p><span style=\"vertical-align: inherit;\">Merkez ofis adresi: Shoush St., Three-way Takhti, Mokhtari St., Hamdalahi Akram Alley, Sepehr Binas\u0131, Haft \u0130dari Giri\u015fi, 1. Kat, \u00dcnite 19<\/span><\/p>\t\t\t\t\t\t\t\t<\/div>\n\t\t\t\t<\/div>\n\t\t\t\t\t<\/div>\n\t\t<\/div>\n\t\t\t\t<div class=\"elementor-column elementor-col-50 elementor-top-column elementor-element elementor-element-b658a04\" data-id=\"b658a04\" data-element_type=\"column\">\n\t\t\t<div class=\"elementor-widget-wrap elementor-element-populated\">\n\t\t\t\t\t\t<div class=\"elementor-element elementor-element-0b5d5de color-scheme-inherit text-left elementor-widget elementor-widget-text-editor\" data-id=\"0b5d5de\" data-element_type=\"widget\" data-widget_type=\"text-editor.default\">\n\t\t\t\t<div class=\"elementor-widget-container\">\n\t\t\t\t\t\t\t\t\t<p><span style=\"vertical-align: inherit;\">Fabrika adresi: 24. Karaj \u00d6zel Yolu, Garmdera, Sarostan Caddesi, 1 Bat\u0131 Saro Soka\u011f\u0131, Plaka 1<\/span><\/p>\t\t\t\t\t\t\t\t<\/div>\n\t\t\t\t<\/div>\n\t\t\t\t\t<\/div>\n\t\t<\/div>\n\t\t\t\t\t<\/div>\n\t\t<\/section>\n\t\t\t\t<section class=\"elementor-section elementor-top-section elementor-element elementor-element-d5ac9df elementor-section-boxed elementor-section-height-default elementor-section-height-default wd-section-disabled\" data-id=\"d5ac9df\" data-element_type=\"section\">\n\t\t\t\t\t\t<div class=\"elementor-container elementor-column-gap-default\">\n\t\t\t\t\t<div class=\"elementor-column elementor-col-50 elementor-top-column elementor-element elementor-element-01c855b\" data-id=\"01c855b\" data-element_type=\"column\">\n\t\t\t<div class=\"elementor-widget-wrap elementor-element-populated\">\n\t\t\t\t\t\t<div class=\"elementor-element elementor-element-774199c elementor-widget elementor-widget-wd_title\" data-id=\"774199c\" data-element_type=\"widget\" data-widget_type=\"wd_title.default\">\n\t\t\t\t<div class=\"elementor-widget-container\">\n\t\t\t\t\t\t\t<div class=\"title-wrapper set-mb-s reset-last-child wd-title-color-default wd-title-style-default wd-title-size-default text-center\">\n\n\t\t\t\n\t\t\t<div class=\"liner-continer\">\n\t\t\t\t<h4 class=\"woodmart-title-container title wd-fontsize-l\">Sosyal a\u011flar<\/h4> \n\t\t\t\t\t\t\t<\/div>\n\n\t\t\t\t\t<\/div>\n\t\t\t\t\t\t<\/div>\n\t\t\t\t<\/div>\n\t\t\t\t<div class=\"elementor-element elementor-element-b00681e elementor-align-center elementor-widget elementor-widget-button\" data-id=\"b00681e\" data-element_type=\"widget\" data-widget_type=\"button.default\">\n\t\t\t\t<div class=\"elementor-widget-container\">\n\t\t\t\t\t\t\t\t\t<div class=\"elementor-button-wrapper\">\n\t\t\t\t\t<a class=\"elementor-button elementor-button-link elementor-size-sm\" href=\"https:\/\/instagram.com\/golgen_tiger1950\">\n\t\t\t\t\t\t<span class=\"elementor-button-content-wrapper\">\n\t\t\t\t\t\t<span class=\"elementor-button-icon\">\n\t\t\t\t<i aria-hidden=\"true\" class=\"fab fa-instagram\"><\/i>\t\t\t<\/span>\n\t\t\t\t\t\t\t\t\t<span class=\"elementor-button-text\">golgen_tiger1950<\/span>\n\t\t\t\t\t<\/span>\n\t\t\t\t\t<\/a>\n\t\t\t\t<\/div>\n\t\t\t\t\t\t\t\t<\/div>\n\t\t\t\t<\/div>\n\t\t\t\t<div class=\"elementor-element elementor-element-dd8b0de elementor-align-center elementor-widget elementor-widget-button\" data-id=\"dd8b0de\" data-element_type=\"widget\" data-widget_type=\"button.default\">\n\t\t\t\t<div class=\"elementor-widget-container\">\n\t\t\t\t\t\t\t\t\t<div class=\"elementor-button-wrapper\">\n\t\t\t\t\t<a class=\"elementor-button elementor-button-link elementor-size-sm\" href=\"https:\/\/api.whatsapp.com\/send?phone=989029073906\">\n\t\t\t\t\t\t<span class=\"elementor-button-content-wrapper\">\n\t\t\t\t\t\t<span class=\"elementor-button-icon\">\n\t\t\t\t<i aria-hidden=\"true\" class=\"fab fa-whatsapp\"><\/i>\t\t\t<\/span>\n\t\t\t\t\t\t\t\t\t<span class=\"elementor-button-text\">whatsapp<\/span>\n\t\t\t\t\t<\/span>\n\t\t\t\t\t<\/a>\n\t\t\t\t<\/div>\n\t\t\t\t\t\t\t\t<\/div>\n\t\t\t\t<\/div>\n\t\t\t\t<div class=\"elementor-element elementor-element-1981208 elementor-widget elementor-widget-wd_title\" data-id=\"1981208\" data-element_type=\"widget\" data-widget_type=\"wd_title.default\">\n\t\t\t\t<div class=\"elementor-widget-container\">\n\t\t\t\t\t\t\t<div class=\"title-wrapper set-mb-s reset-last-child wd-title-color-default wd-title-style-default wd-title-size-default text-center\">\n\n\t\t\t\n\t\t\t<div class=\"liner-continer\">\n\t\t\t\t<h4 class=\"woodmart-title-container title wd-fontsize-l\">telefon<\/h4> \n\t\t\t\t\t\t\t<\/div>\n\n\t\t\t\t\t<\/div>\n\t\t\t\t\t\t<\/div>\n\t\t\t\t<\/div>\n\t\t\t\t<div class=\"elementor-element elementor-element-e1d806f elementor-align-center elementor-widget elementor-widget-button\" data-id=\"e1d806f\" data-element_type=\"widget\" data-widget_type=\"button.default\">\n\t\t\t\t<div class=\"elementor-widget-container\">\n\t\t\t\t\t\t\t\t\t<div class=\"elementor-button-wrapper\">\n\t\t\t\t\t<a class=\"elementor-button elementor-button-link elementor-size-sm\" href=\"tel:+982155573124\">\n\t\t\t\t\t\t<span class=\"elementor-button-content-wrapper\">\n\t\t\t\t\t\t\t\t\t<span class=\"elementor-button-text\">Merkezi telefon ofisi: +982155573124 <\/span>\n\t\t\t\t\t<\/span>\n\t\t\t\t\t<\/a>\n\t\t\t\t<\/div>\n\t\t\t\t\t\t\t\t<\/div>\n\t\t\t\t<\/div>\n\t\t\t\t<div class=\"elementor-element elementor-element-e72480b elementor-align-center elementor-widget elementor-widget-button\" data-id=\"e72480b\" data-element_type=\"widget\" data-widget_type=\"button.default\">\n\t\t\t\t<div class=\"elementor-widget-container\">\n\t\t\t\t\t\t\t\t\t<div class=\"elementor-button-wrapper\">\n\t\t\t\t\t<a class=\"elementor-button elementor-button-link elementor-size-sm\" href=\"tel:+982636103168\">\n\t\t\t\t\t\t<span class=\"elementor-button-content-wrapper\">\n\t\t\t\t\t\t\t\t\t<span class=\"elementor-button-text\">fabrika telefonu : +982636103168<\/span>\n\t\t\t\t\t<\/span>\n\t\t\t\t\t<\/a>\n\t\t\t\t<\/div>\n\t\t\t\t\t\t\t\t<\/div>\n\t\t\t\t<\/div>\n\t\t\t\t\t<\/div>\n\t\t<\/div>\n\t\t\t\t<div class=\"elementor-column elementor-col-50 elementor-top-column elementor-element elementor-element-3f4e29d\" data-id=\"3f4e29d\" data-element_type=\"column\">\n\t\t\t<div class=\"elementor-widget-wrap elementor-element-populated\">\n\t\t\t\t\t\t<div class=\"elementor-element elementor-element-4594455 elementor-button-align-stretch elementor-widget elementor-widget-form\" data-id=\"4594455\" data-element_type=\"widget\" data-settings=\"{&quot;step_next_label&quot;:&quot;Sonrak&quot;,&quot;step_previous_label&quot;:&quot;\\u00d6ncesi&quot;,&quot;button_width&quot;:&quot;100&quot;,&quot;step_type&quot;:&quot;number_text&quot;,&quot;step_icon_shape&quot;:&quot;circle&quot;}\" data-widget_type=\"form.default\">\n\t\t\t\t<div class=\"elementor-widget-container\">\n\t\t\t\t\t\t\t<form class=\"elementor-form\" method=\"post\" name=\"New Form\" aria-label=\"New Form\">\n\t\t\t<input type=\"hidden\" name=\"post_id\" value=\"12500\"\/>\n\t\t\t<input type=\"hidden\" name=\"form_id\" value=\"4594455\"\/>\n\t\t\t<input type=\"hidden\" name=\"referer_title\" value=\"\u062a\u0645\u0627\u0633 \u0628\u0627 \u0645\u0627 - \u0641\u0631\u0648\u0634\u06af\u0627\u0647 \u0627\u0633\u0628\u0627\u0628 \u0628\u0627\u0632\u06cc \u06af\u0644\u062f\u0646 \u062a\u0627\u06cc\u06af\u0631\" \/>\n\n\t\t\t\t\t\t\t<input type=\"hidden\" name=\"queried_id\" value=\"12500\"\/>\n\t\t\t\n\t\t\t<div class=\"elementor-form-fields-wrapper elementor-labels-above\">\n\t\t\t\t\t\t\t\t<div class=\"elementor-field-type-text elementor-field-group elementor-column elementor-field-group-name elementor-col-30\">\n\t\t\t\t\t\t\t\t\t\t\t\t<label for=\"form-field-name\" class=\"elementor-field-label\">\n\t\t\t\t\t\t\t\tisim\t\t\t\t\t\t\t<\/label>\n\t\t\t\t\t\t\t\t\t\t\t\t\t\t<input size=\"1\" type=\"text\" name=\"form_fields[name]\" id=\"form-field-name\" class=\"elementor-field elementor-size-sm  elementor-field-textual\" placeholder=\"Ad\u0131n\u0131z\u0131 giriniz\">\n\t\t\t\t\t\t\t\t\t\t\t<\/div>\n\t\t\t\t\t\t\t\t<div class=\"elementor-field-type-text elementor-field-group elementor-column elementor-field-group-field_436c57e elementor-col-70\">\n\t\t\t\t\t\t\t\t\t\t\t\t<label for=\"form-field-field_436c57e\" class=\"elementor-field-label\">\n\t\t\t\t\t\t\t\tSoyad\u0131\t\t\t\t\t\t\t<\/label>\n\t\t\t\t\t\t\t\t\t\t\t\t\t\t<input size=\"1\" type=\"text\" name=\"form_fields[field_436c57e]\" id=\"form-field-field_436c57e\" class=\"elementor-field elementor-size-sm  elementor-field-textual\" placeholder=\"Soyad\u0131n\u0131z\u0131 giriniz\">\n\t\t\t\t\t\t\t\t\t\t\t<\/div>\n\t\t\t\t\t\t\t\t<div class=\"elementor-field-type-email elementor-field-group elementor-column elementor-field-group-email elementor-col-50 elementor-field-required elementor-mark-required\">\n\t\t\t\t\t\t\t\t\t\t\t\t<label for=\"form-field-email\" class=\"elementor-field-label\">\n\t\t\t\t\t\t\t\te-posta\t\t\t\t\t\t\t<\/label>\n\t\t\t\t\t\t\t\t\t\t\t\t\t\t<input size=\"1\" type=\"email\" name=\"form_fields[email]\" id=\"form-field-email\" class=\"elementor-field elementor-size-sm  elementor-field-textual\" placeholder=\"E-posta adresinizi giriniz\" required=\"required\">\n\t\t\t\t\t\t\t\t\t\t\t<\/div>\n\t\t\t\t\t\t\t\t<div class=\"elementor-field-type-email elementor-field-group elementor-column elementor-field-group-field_2de4dc3 elementor-col-50 elementor-field-required elementor-mark-required\">\n\t\t\t\t\t\t\t\t\t\t\t\t<label for=\"form-field-field_2de4dc3\" class=\"elementor-field-label\">\n\t\t\t\t\t\t\t\tCep telefonu\t\t\t\t\t\t\t<\/label>\n\t\t\t\t\t\t\t\t\t\t\t\t\t\t<input size=\"1\" type=\"email\" name=\"form_fields[field_2de4dc3]\" id=\"form-field-field_2de4dc3\" class=\"elementor-field elementor-size-sm  elementor-field-textual\" placeholder=\"telefon numaran\u0131z\u0131 girin\" required=\"required\">\n\t\t\t\t\t\t\t\t\t\t\t<\/div>\n\t\t\t\t\t\t\t\t<div class=\"elementor-field-type-textarea elementor-field-group elementor-column elementor-field-group-message elementor-col-100 elementor-field-required elementor-mark-required\">\n\t\t\t\t\t\t\t\t\t\t\t\t<label for=\"form-field-message\" class=\"elementor-field-label\">\n\t\t\t\t\t\t\t\t\u0130leti\t\t\t\t\t\t\t<\/label>\n\t\t\t\t\t\t<textarea class=\"elementor-field-textual elementor-field  elementor-size-sm\" name=\"form_fields[message]\" id=\"form-field-message\" rows=\"6\" placeholder=\"mesaj\u0131n\u0131z\u0131 yaz\u0131n\" required=\"required\"><\/textarea>\t\t\t\t<\/div>\n\t\t\t\t\t\t\t\t<div class=\"elementor-field-group elementor-column elementor-field-type-submit elementor-col-100 e-form__buttons\">\n\t\t\t\t\t<button class=\"elementor-button elementor-size-sm\" type=\"submit\">\n\t\t\t\t\t\t<span class=\"elementor-button-content-wrapper\">\n\t\t\t\t\t\t\t\t\t\t\t\t\t\t\t\t\t\t\t\t\t\t<span class=\"elementor-button-text\">Sunmak<\/span>\n\t\t\t\t\t\t\t\t\t\t\t\t\t<\/span>\n\t\t\t\t\t<\/button>\n\t\t\t\t<\/div>\n\t\t\t<\/div>\n\t\t<\/form>\n\t\t\t\t\t\t<\/div>\n\t\t\t\t<\/div>\n\t\t\t\t\t<\/div>\n\t\t<\/div>\n\t\t\t\t\t<\/div>\n\t\t<\/section>\n\t\t\t\t<\/div>\n\t\t","protected":false},"excerpt":{"rendered":"<p>Merkez ofis adresi: Shoush St., Three-way Takhti, Mokhtari St., Hamdalahi Akram Alley, Sepehr Binas\u0131, Haft \u0130dari Giri\u015fi, 1. Kat, \u00dcnite<\/p>\n","protected":false},"author":1,"featured_media":0,"parent":0,"menu_order":1,"comment_status":"closed","ping_status":"closed","template":"","meta":{"footnotes":""},"class_list":["post-12500","page","type-page","status-publish","hentry"],"yoast_head":"<!-- This site is optimized with the Yoast SEO Premium plugin v26.3 (Yoast SEO v26.6) - https:\/\/yoast.com\/wordpress\/plugins\/seo\/ -->\n<title>\u062a\u0645\u0627\u0633 \u0628\u0627 \u0645\u0627 - \u0641\u0631\u0648\u0634\u06af\u0627\u0647 \u0627\u0633\u0628\u0627\u0628 \u0628\u0627\u0632\u06cc \u06af\u0644\u062f\u0646 \u062a\u0627\u06cc\u06af\u0631<\/title>\n<meta name=\"robots\" content=\"index, follow, max-snippet:-1, max-image-preview:large, max-video-preview:-1\" \/>\n<link rel=\"canonical\" href=\"https:\/\/goldentigertoy.com\/tr\/%d8%aa%d9%85%d8%a7%d8%b3-%d8%a8%d8%a7-%d9%85%d8%a7\/\" \/>\n<meta property=\"og:locale\" content=\"tr_TR\" \/>\n<meta property=\"og:type\" content=\"article\" \/>\n<meta property=\"og:title\" content=\"\u062a\u0645\u0627\u0633 \u0628\u0627 \u0645\u0627\" \/>\n<meta property=\"og:description\" content=\"Merkez ofis adresi: Shoush St., Three-way Takhti, Mokhtari St., Hamdalahi Akram Alley, Sepehr Binas\u0131, Haft \u0130dari Giri\u015fi, 1. Kat, \u00dcnite\" \/>\n<meta property=\"og:url\" content=\"https:\/\/goldentigertoy.com\/tr\/%d8%aa%d9%85%d8%a7%d8%b3-%d8%a8%d8%a7-%d9%85%d8%a7\/\" \/>\n<meta property=\"og:site_name\" content=\"\u0641\u0631\u0648\u0634\u06af\u0627\u0647 \u0627\u0633\u0628\u0627\u0628 \u0628\u0627\u0632\u06cc \u06af\u0644\u062f\u0646 \u062a\u0627\u06cc\u06af\u0631\" \/>\n<meta property=\"article:modified_time\" content=\"2023-07-22T09:36:32+00:00\" \/>\n<meta name=\"twitter:card\" content=\"summary_large_image\" \/>\n<meta name=\"twitter:label1\" content=\"Tahmini okuma s\u00fcresi\" \/>\n\t<meta name=\"twitter:data1\" content=\"1 dakika\" \/>\n<script type=\"application\/ld+json\" class=\"yoast-schema-graph\">{\"@context\":\"https:\/\/schema.org\",\"@graph\":[{\"@type\":\"WebPage\",\"@id\":\"https:\/\/goldentigertoy.com\/tr\/%d8%aa%d9%85%d8%a7%d8%b3-%d8%a8%d8%a7-%d9%85%d8%a7\/\",\"url\":\"https:\/\/goldentigertoy.com\/tr\/%d8%aa%d9%85%d8%a7%d8%b3-%d8%a8%d8%a7-%d9%85%d8%a7\/\",\"name\":\"\u062a\u0645\u0627\u0633 \u0628\u0627 \u0645\u0627 - \u0641\u0631\u0648\u0634\u06af\u0627\u0647 \u0627\u0633\u0628\u0627\u0628 \u0628\u0627\u0632\u06cc \u06af\u0644\u062f\u0646 \u062a\u0627\u06cc\u06af\u0631\",\"isPartOf\":{\"@id\":\"https:\/\/goldentigertoy.com\/tr\/#website\"},\"datePublished\":\"2022-07-03T11:45:23+00:00\",\"dateModified\":\"2023-07-22T09:36:32+00:00\",\"breadcrumb\":{\"@id\":\"https:\/\/goldentigertoy.com\/tr\/%d8%aa%d9%85%d8%a7%d8%b3-%d8%a8%d8%a7-%d9%85%d8%a7\/#breadcrumb\"},\"inLanguage\":\"tr\",\"potentialAction\":[{\"@type\":\"ReadAction\",\"target\":[\"https:\/\/goldentigertoy.com\/tr\/%d8%aa%d9%85%d8%a7%d8%b3-%d8%a8%d8%a7-%d9%85%d8%a7\/\"]}]},{\"@type\":\"BreadcrumbList\",\"@id\":\"https:\/\/goldentigertoy.com\/tr\/%d8%aa%d9%85%d8%a7%d8%b3-%d8%a8%d8%a7-%d9%85%d8%a7\/#breadcrumb\",\"itemListElement\":[{\"@type\":\"ListItem\",\"position\":1,\"name\":\"Home\",\"item\":\"https:\/\/goldentigertoy.com\/tr\/\"},{\"@type\":\"ListItem\",\"position\":2,\"name\":\"\u062a\u0645\u0627\u0633 \u0628\u0627 \u0645\u0627\"}]},{\"@type\":\"WebSite\",\"@id\":\"https:\/\/goldentigertoy.com\/tr\/#website\",\"url\":\"https:\/\/goldentigertoy.com\/tr\/\",\"name\":\"\u0641\u0631\u0648\u0634\u06af\u0627\u0647 \u0627\u0633\u0628\u0627\u0628 \u0628\u0627\u0632\u06cc \u06af\u0644\u062f\u0646 \u062a\u0627\u06cc\u06af\u0631\",\"description\":\"\u06af\u0644\u062f\u0646 \u062a\u0627\u06cc\u06af\u0631\",\"potentialAction\":[{\"@type\":\"SearchAction\",\"target\":{\"@type\":\"EntryPoint\",\"urlTemplate\":\"https:\/\/goldentigertoy.com\/tr\/?s={search_term_string}\"},\"query-input\":{\"@type\":\"PropertyValueSpecification\",\"valueRequired\":true,\"valueName\":\"search_term_string\"}}],\"inLanguage\":\"tr\"}]}<\/script>\n<!-- \/ Yoast SEO Premium plugin. -->","yoast_head_json":{"title":"\u062a\u0645\u0627\u0633 \u0628\u0627 \u0645\u0627 - \u0641\u0631\u0648\u0634\u06af\u0627\u0647 \u0627\u0633\u0628\u0627\u0628 \u0628\u0627\u0632\u06cc \u06af\u0644\u062f\u0646 \u062a\u0627\u06cc\u06af\u0631","robots":{"index":"index","follow":"follow","max-snippet":"max-snippet:-1","max-image-preview":"max-image-preview:large","max-video-preview":"max-video-preview:-1"},"canonical":"https:\/\/goldentigertoy.com\/tr\/%d8%aa%d9%85%d8%a7%d8%b3-%d8%a8%d8%a7-%d9%85%d8%a7\/","og_locale":"tr_TR","og_type":"article","og_title":"\u062a\u0645\u0627\u0633 \u0628\u0627 \u0645\u0627","og_description":"Merkez ofis adresi: Shoush St., Three-way Takhti, Mokhtari St., Hamdalahi Akram Alley, Sepehr Binas\u0131, Haft \u0130dari Giri\u015fi, 1. Kat, \u00dcnite","og_url":"https:\/\/goldentigertoy.com\/tr\/%d8%aa%d9%85%d8%a7%d8%b3-%d8%a8%d8%a7-%d9%85%d8%a7\/","og_site_name":"\u0641\u0631\u0648\u0634\u06af\u0627\u0647 \u0627\u0633\u0628\u0627\u0628 \u0628\u0627\u0632\u06cc \u06af\u0644\u062f\u0646 \u062a\u0627\u06cc\u06af\u0631","article_modified_time":"2023-07-22T09:36:32+00:00","twitter_card":"summary_large_image","twitter_misc":{"Tahmini okuma s\u00fcresi":"1 dakika"},"schema":{"@context":"https:\/\/schema.org","@graph":[{"@type":"WebPage","@id":"https:\/\/goldentigertoy.com\/tr\/%d8%aa%d9%85%d8%a7%d8%b3-%d8%a8%d8%a7-%d9%85%d8%a7\/","url":"https:\/\/goldentigertoy.com\/tr\/%d8%aa%d9%85%d8%a7%d8%b3-%d8%a8%d8%a7-%d9%85%d8%a7\/","name":"\u062a\u0645\u0627\u0633 \u0628\u0627 \u0645\u0627 - \u0641\u0631\u0648\u0634\u06af\u0627\u0647 \u0627\u0633\u0628\u0627\u0628 \u0628\u0627\u0632\u06cc \u06af\u0644\u062f\u0646 \u062a\u0627\u06cc\u06af\u0631","isPartOf":{"@id":"https:\/\/goldentigertoy.com\/tr\/#website"},"datePublished":"2022-07-03T11:45:23+00:00","dateModified":"2023-07-22T09:36:32+00:00","breadcrumb":{"@id":"https:\/\/goldentigertoy.com\/tr\/%d8%aa%d9%85%d8%a7%d8%b3-%d8%a8%d8%a7-%d9%85%d8%a7\/#breadcrumb"},"inLanguage":"tr","potentialAction":[{"@type":"ReadAction","target":["https:\/\/goldentigertoy.com\/tr\/%d8%aa%d9%85%d8%a7%d8%b3-%d8%a8%d8%a7-%d9%85%d8%a7\/"]}]},{"@type":"BreadcrumbList","@id":"https:\/\/goldentigertoy.com\/tr\/%d8%aa%d9%85%d8%a7%d8%b3-%d8%a8%d8%a7-%d9%85%d8%a7\/#breadcrumb","itemListElement":[{"@type":"ListItem","position":1,"name":"Home","item":"https:\/\/goldentigertoy.com\/tr\/"},{"@type":"ListItem","position":2,"name":"\u062a\u0645\u0627\u0633 \u0628\u0627 \u0645\u0627"}]},{"@type":"WebSite","@id":"https:\/\/goldentigertoy.com\/tr\/#website","url":"https:\/\/goldentigertoy.com\/tr\/","name":"\u0641\u0631\u0648\u0634\u06af\u0627\u0647 \u0627\u0633\u0628\u0627\u0628 \u0628\u0627\u0632\u06cc \u06af\u0644\u062f\u0646 \u062a\u0627\u06cc\u06af\u0631","description":"\u06af\u0644\u062f\u0646 \u062a\u0627\u06cc\u06af\u0631","potentialAction":[{"@type":"SearchAction","target":{"@type":"EntryPoint","urlTemplate":"https:\/\/goldentigertoy.com\/tr\/?s={search_term_string}"},"query-input":{"@type":"PropertyValueSpecification","valueRequired":true,"valueName":"search_term_string"}}],"inLanguage":"tr"}]}},"_links":{"self":[{"href":"https:\/\/goldentigertoy.com\/tr\/wp-json\/wp\/v2\/pages\/12500","targetHints":{"allow":["GET"]}}],"collection":[{"href":"https:\/\/goldentigertoy.com\/tr\/wp-json\/wp\/v2\/pages"}],"about":[{"href":"https:\/\/goldentigertoy.com\/tr\/wp-json\/wp\/v2\/types\/page"}],"author":[{"embeddable":true,"href":"https:\/\/goldentigertoy.com\/tr\/wp-json\/wp\/v2\/users\/1"}],"replies":[{"embeddable":true,"href":"https:\/\/goldentigertoy.com\/tr\/wp-json\/wp\/v2\/comments?post=12500"}],"version-history":[{"count":0,"href":"https:\/\/goldentigertoy.com\/tr\/wp-json\/wp\/v2\/pages\/12500\/revisions"}],"wp:attachment":[{"href":"https:\/\/goldentigertoy.com\/tr\/wp-json\/wp\/v2\/media?parent=12500"}],"curies":[{"name":"wp","href":"https:\/\/api.w.org\/{rel}","templated":true}]}}