{"id":12485,"date":"2022-11-02T10:20:05","date_gmt":"2022-11-02T06:50:05","guid":{"rendered":"https:\/\/goldentigertoy.com\/?page_id=12485"},"modified":"2022-11-08T16:40:38","modified_gmt":"2022-11-08T13:10:38","slug":"nesne","status":"publish","type":"page","link":"https:\/\/goldentigertoy.com\/tr\/nesne\/","title":{"rendered":"nesne"},"content":{"rendered":"\t\t<div data-elementor-type=\"wp-page\" data-elementor-id=\"12485\" class=\"elementor elementor-12485 elementor-12338\" data-elementor-post-type=\"page\">\n\t\t\t\t\t\t<section class=\"elementor-section elementor-top-section elementor-element elementor-element-cee9f6c elementor-section-boxed elementor-section-height-default elementor-section-height-default wd-section-disabled\" data-id=\"cee9f6c\" data-element_type=\"section\">\n\t\t\t\t\t\t<div class=\"elementor-container elementor-column-gap-default\">\n\t\t\t\t\t<div class=\"elementor-column elementor-col-100 elementor-top-column elementor-element elementor-element-048eac1\" data-id=\"048eac1\" data-element_type=\"column\">\n\t\t\t<div class=\"elementor-widget-wrap elementor-element-populated\">\n\t\t\t\t\t\t<div class=\"elementor-element elementor-element-baae41c elementor-grid-3 elementor-grid-tablet-2 elementor-grid-mobile-1 elementor-posts--thumbnail-top elementor-card-shadow-yes elementor-posts__hover-gradient elementor-widget elementor-widget-posts\" data-id=\"baae41c\" data-element_type=\"widget\" data-settings=\"{&quot;cards_columns&quot;:&quot;3&quot;,&quot;cards_columns_tablet&quot;:&quot;2&quot;,&quot;cards_columns_mobile&quot;:&quot;1&quot;,&quot;cards_row_gap&quot;:{&quot;unit&quot;:&quot;px&quot;,&quot;size&quot;:35,&quot;sizes&quot;:[]},&quot;cards_row_gap_tablet&quot;:{&quot;unit&quot;:&quot;px&quot;,&quot;size&quot;:&quot;&quot;,&quot;sizes&quot;:[]},&quot;cards_row_gap_mobile&quot;:{&quot;unit&quot;:&quot;px&quot;,&quot;size&quot;:&quot;&quot;,&quot;sizes&quot;:[]}}\" data-widget_type=\"posts.cards\">\n\t\t\t\t<div class=\"elementor-widget-container\">\n\t\t\t\t\t\t\t<div class=\"elementor-posts-container elementor-posts elementor-posts--skin-cards elementor-grid\" role=\"list\">\n\t\t\t\t<article class=\"elementor-post elementor-grid-item post-12454 post type-post status-publish format-standard has-post-thumbnail hentry category-uncategorized-tr\" role=\"listitem\">\n\t\t\t<div class=\"elementor-post__card\">\n\t\t\t\t<a class=\"elementor-post__thumbnail__link\" href=\"https:\/\/goldentigertoy.com\/tr\/cocuklar-icin-oynamak-stresi-azaltir\/\" tabindex=\"-1\" ><div class=\"elementor-post__thumbnail\"><img fetchpriority=\"high\" decoding=\"async\" width=\"1200\" height=\"742\" src=\"https:\/\/goldentigertoy.com\/wp-content\/uploads\/2021\/10\/toys-blog-9.jpg\" class=\"attachment-large size-large wp-image-11825\" alt=\"\" srcset=\"https:\/\/goldentigertoy.com\/wp-content\/uploads\/2021\/10\/toys-blog-9.jpg 1200w, https:\/\/goldentigertoy.com\/wp-content\/uploads\/2021\/10\/toys-blog-9-430x266.jpg 430w, https:\/\/goldentigertoy.com\/wp-content\/uploads\/2021\/10\/toys-blog-9-150x93.jpg 150w, https:\/\/goldentigertoy.com\/wp-content\/uploads\/2021\/10\/toys-blog-9-700x433.jpg 700w\" sizes=\"(max-width: 1200px) 100vw, 1200px\" \/><\/div><\/a>\n\t\t\t\t<div class=\"elementor-post__badge\">Uncategorized @tr<\/div>\n\t\t\t\t<div class=\"elementor-post__text\">\n\t\t\t\t<h3 class=\"elementor-post__title\">\n\t\t\t<a href=\"https:\/\/goldentigertoy.com\/tr\/cocuklar-icin-oynamak-stresi-azaltir\/\" >\n\t\t\t\t\u00c7ocuklar i\u00e7in oynamak stresi azalt\u0131r\t\t\t<\/a>\n\t\t<\/h3>\n\t\t\t\t<div class=\"elementor-post__excerpt\">\n\t\t\t<p>Oyun, \u00e7ocuklar i\u00e7in herhangi bir ciddi veya pratik ama\u00e7tan ziyade e\u011flenceli bir aktivite olarak g\u00f6r\u00fclmektedir. Oyunu genellikle hayatta kalmay\u0131 ve<\/p>\n\t\t<\/div>\n\t\t\n\t\t<a class=\"elementor-post__read-more\" href=\"https:\/\/goldentigertoy.com\/tr\/cocuklar-icin-oynamak-stresi-azaltir\/\" aria-label=\"Read more about \u00c7ocuklar i\u00e7in oynamak stresi azalt\u0131r\" tabindex=\"-1\" >\n\t\t\tDevam\u0131n\u0131 oku ...\t\t<\/a>\n\n\t\t\t\t<\/div>\n\t\t\t\t<div class=\"elementor-post__meta-data\">\n\t\t\t\t\t<span class=\"elementor-post-date\">\n\t\t\tKas\u0131m 5, 2022\t\t<\/span>\n\t\t\t\t<span class=\"elementor-post-avatar\">\n\t\t\tYorum yap\u0131lmam\u0131\u015f\t\t<\/span>\n\t\t\t\t<\/div>\n\t\t\t\t\t<\/div>\n\t\t<\/article>\n\t\t\t\t<article class=\"elementor-post elementor-grid-item post-12449 post type-post status-publish format-standard has-post-thumbnail hentry category-uncategorized-tr\" role=\"listitem\">\n\t\t\t<div class=\"elementor-post__card\">\n\t\t\t\t<a class=\"elementor-post__thumbnail__link\" href=\"https:\/\/goldentigertoy.com\/tr\/kucuk-bir-cocuk-icin-en-iyi-oyuncak\/\" tabindex=\"-1\" ><div class=\"elementor-post__thumbnail\"><img decoding=\"async\" width=\"1200\" height=\"742\" src=\"https:\/\/goldentigertoy.com\/wp-content\/uploads\/2021\/10\/toys-blog-8.jpg\" class=\"attachment-large size-large wp-image-11822\" alt=\"\" srcset=\"https:\/\/goldentigertoy.com\/wp-content\/uploads\/2021\/10\/toys-blog-8.jpg 1200w, https:\/\/goldentigertoy.com\/wp-content\/uploads\/2021\/10\/toys-blog-8-430x266.jpg 430w, https:\/\/goldentigertoy.com\/wp-content\/uploads\/2021\/10\/toys-blog-8-150x93.jpg 150w, https:\/\/goldentigertoy.com\/wp-content\/uploads\/2021\/10\/toys-blog-8-700x433.jpg 700w\" sizes=\"(max-width: 1200px) 100vw, 1200px\" \/><\/div><\/a>\n\t\t\t\t<div class=\"elementor-post__badge\">Uncategorized @tr<\/div>\n\t\t\t\t<div class=\"elementor-post__text\">\n\t\t\t\t<h3 class=\"elementor-post__title\">\n\t\t\t<a href=\"https:\/\/goldentigertoy.com\/tr\/kucuk-bir-cocuk-icin-en-iyi-oyuncak\/\" >\n\t\t\t\tK\u00fc\u00e7\u00fck bir \u00e7ocuk i\u00e7in en iyi oyuncak\t\t\t<\/a>\n\t\t<\/h3>\n\t\t\t\t<div class=\"elementor-post__excerpt\">\n\t\t\t<p>Bir\u00e7ok ebeveyn, yeni y\u00fcr\u00fcmeye ba\u015flayan \u00e7ocuklar\u0131 i\u00e7in bir oyuncak sat\u0131n almadan \u00f6nce bu oyunca\u011f\u0131n \u00e7ocu\u011fum i\u00e7in zararl\u0131 olup olmayaca\u011f\u0131n\u0131 d\u00fc\u015f\u00fcnmez.<\/p>\n\t\t<\/div>\n\t\t\n\t\t<a class=\"elementor-post__read-more\" href=\"https:\/\/goldentigertoy.com\/tr\/kucuk-bir-cocuk-icin-en-iyi-oyuncak\/\" aria-label=\"Read more about K\u00fc\u00e7\u00fck bir \u00e7ocuk i\u00e7in en iyi oyuncak\" tabindex=\"-1\" >\n\t\t\tDevam\u0131n\u0131 oku ...\t\t<\/a>\n\n\t\t\t\t<\/div>\n\t\t\t\t<div class=\"elementor-post__meta-data\">\n\t\t\t\t\t<span class=\"elementor-post-date\">\n\t\t\tKas\u0131m 5, 2022\t\t<\/span>\n\t\t\t\t<span class=\"elementor-post-avatar\">\n\t\t\tYorum yap\u0131lmam\u0131\u015f\t\t<\/span>\n\t\t\t\t<\/div>\n\t\t\t\t\t<\/div>\n\t\t<\/article>\n\t\t\t\t<article class=\"elementor-post elementor-grid-item post-12447 post type-post status-publish format-standard has-post-thumbnail hentry category-uncategorized-tr\" role=\"listitem\">\n\t\t\t<div class=\"elementor-post__card\">\n\t\t\t\t<a class=\"elementor-post__thumbnail__link\" href=\"https:\/\/goldentigertoy.com\/tr\/bir-cocugun-dogum-gunu-partisi-icin-20-yaratici-fikir\/\" tabindex=\"-1\" ><div class=\"elementor-post__thumbnail\"><img decoding=\"async\" width=\"1200\" height=\"742\" src=\"https:\/\/goldentigertoy.com\/wp-content\/uploads\/2021\/10\/toys-blog-7.jpg\" class=\"attachment-large size-large wp-image-11819\" alt=\"\" srcset=\"https:\/\/goldentigertoy.com\/wp-content\/uploads\/2021\/10\/toys-blog-7.jpg 1200w, https:\/\/goldentigertoy.com\/wp-content\/uploads\/2021\/10\/toys-blog-7-430x266.jpg 430w, https:\/\/goldentigertoy.com\/wp-content\/uploads\/2021\/10\/toys-blog-7-150x93.jpg 150w, https:\/\/goldentigertoy.com\/wp-content\/uploads\/2021\/10\/toys-blog-7-700x433.jpg 700w\" sizes=\"(max-width: 1200px) 100vw, 1200px\" \/><\/div><\/a>\n\t\t\t\t<div class=\"elementor-post__badge\">Uncategorized @tr<\/div>\n\t\t\t\t<div class=\"elementor-post__text\">\n\t\t\t\t<h3 class=\"elementor-post__title\">\n\t\t\t<a href=\"https:\/\/goldentigertoy.com\/tr\/bir-cocugun-dogum-gunu-partisi-icin-20-yaratici-fikir\/\" >\n\t\t\t\tBir \u00e7ocu\u011fun do\u011fum g\u00fcn\u00fc partisi i\u00e7in 20 yarat\u0131c\u0131 fikir\t\t\t<\/a>\n\t\t<\/h3>\n\t\t\t\t<div class=\"elementor-post__excerpt\">\n\t\t\t<p>Her ebeveyn i\u00e7in \u00e7ocuklar\u0131n\u0131n do\u011fum g\u00fcn\u00fc \u00f6zel bir g\u00fcnd\u00fcr. Ebeveynler, \u00e7ocuk i\u00e7in unutulmaz ve e\u011flenceli bir do\u011fum g\u00fcn\u00fc fikrini uygulamaya<\/p>\n\t\t<\/div>\n\t\t\n\t\t<a class=\"elementor-post__read-more\" href=\"https:\/\/goldentigertoy.com\/tr\/bir-cocugun-dogum-gunu-partisi-icin-20-yaratici-fikir\/\" aria-label=\"Read more about Bir \u00e7ocu\u011fun do\u011fum g\u00fcn\u00fc partisi i\u00e7in 20 yarat\u0131c\u0131 fikir\" tabindex=\"-1\" >\n\t\t\tDevam\u0131n\u0131 oku ...\t\t<\/a>\n\n\t\t\t\t<\/div>\n\t\t\t\t<div class=\"elementor-post__meta-data\">\n\t\t\t\t\t<span class=\"elementor-post-date\">\n\t\t\tKas\u0131m 5, 2022\t\t<\/span>\n\t\t\t\t<span class=\"elementor-post-avatar\">\n\t\t\tYorum yap\u0131lmam\u0131\u015f\t\t<\/span>\n\t\t\t\t<\/div>\n\t\t\t\t\t<\/div>\n\t\t<\/article>\n\t\t\t\t<article class=\"elementor-post elementor-grid-item post-12444 post type-post status-publish format-standard has-post-thumbnail hentry category-uncategorized-tr\" role=\"listitem\">\n\t\t\t<div class=\"elementor-post__card\">\n\t\t\t\t<a class=\"elementor-post__thumbnail__link\" href=\"https:\/\/goldentigertoy.com\/tr\/cocuklarla-oynamakla-ilgili-7-temel-nokta\/\" tabindex=\"-1\" ><div class=\"elementor-post__thumbnail\"><img loading=\"lazy\" decoding=\"async\" width=\"350\" height=\"210\" src=\"https:\/\/goldentigertoy.com\/wp-content\/uploads\/2022\/07\/ba3006.jpg\" class=\"attachment-large size-large wp-image-11936\" alt=\"\" srcset=\"https:\/\/goldentigertoy.com\/wp-content\/uploads\/2022\/07\/ba3006.jpg 350w, https:\/\/goldentigertoy.com\/wp-content\/uploads\/2022\/07\/ba3006-150x90.jpg 150w\" sizes=\"(max-width: 350px) 100vw, 350px\" \/><\/div><\/a>\n\t\t\t\t<div class=\"elementor-post__badge\">Uncategorized @tr<\/div>\n\t\t\t\t<div class=\"elementor-post__text\">\n\t\t\t\t<h3 class=\"elementor-post__title\">\n\t\t\t<a href=\"https:\/\/goldentigertoy.com\/tr\/cocuklarla-oynamakla-ilgili-7-temel-nokta\/\" >\n\t\t\t\t\u00c7ocuklarla oynamakla ilgili 7 temel nokta\t\t\t<\/a>\n\t\t<\/h3>\n\t\t\t\t<div class=\"elementor-post__excerpt\">\n\t\t\t<p>\u00c7ocuklarla oynamakla ilgili 7 \u00f6nemli nokta 1. \u00c7ocuklar oyun yoluyla \u00f6\u011frenir.\u00c7ocuk oyunlar\u0131n\u0131n de\u011ferini k\u00fc\u00e7\u00fcmsemeyin \u00e7\u00fcnk\u00fc: \u00c7ocuklar oyun yoluyla, bir bakkal<\/p>\n\t\t<\/div>\n\t\t\n\t\t<a class=\"elementor-post__read-more\" href=\"https:\/\/goldentigertoy.com\/tr\/cocuklarla-oynamakla-ilgili-7-temel-nokta\/\" aria-label=\"Read more about \u00c7ocuklarla oynamakla ilgili 7 temel nokta\" tabindex=\"-1\" >\n\t\t\tDevam\u0131n\u0131 oku ...\t\t<\/a>\n\n\t\t\t\t<\/div>\n\t\t\t\t<div class=\"elementor-post__meta-data\">\n\t\t\t\t\t<span class=\"elementor-post-date\">\n\t\t\tKas\u0131m 5, 2022\t\t<\/span>\n\t\t\t\t<span class=\"elementor-post-avatar\">\n\t\t\tYorum yap\u0131lmam\u0131\u015f\t\t<\/span>\n\t\t\t\t<\/div>\n\t\t\t\t\t<\/div>\n\t\t<\/article>\n\t\t\t\t<\/div>\n\t\t\n\t\t\t\t\t\t<\/div>\n\t\t\t\t<\/div>\n\t\t\t\t\t<\/div>\n\t\t<\/div>\n\t\t\t\t\t<\/div>\n\t\t<\/section>\n\t\t\t\t<\/div>\n\t\t","protected":false},"excerpt":{"rendered":"","protected":false},"author":1,"featured_media":0,"parent":0,"menu_order":23,"comment_status":"closed","ping_status":"closed","template":"elementor_header_footer","meta":{"footnotes":""},"class_list":["post-12485","page","type-page","status-publish","hentry"],"yoast_head":"<!-- This site is optimized with the Yoast SEO Premium plugin v26.3 (Yoast SEO v26.6) - https:\/\/yoast.com\/wordpress\/plugins\/seo\/ -->\n<title>nesne - \u0641\u0631\u0648\u0634\u06af\u0627\u0647 \u0627\u0633\u0628\u0627\u0628 \u0628\u0627\u0632\u06cc \u06af\u0644\u062f\u0646 \u062a\u0627\u06cc\u06af\u0631<\/title>\n<meta name=\"robots\" content=\"index, follow, max-snippet:-1, max-image-preview:large, max-video-preview:-1\" \/>\n<link rel=\"canonical\" href=\"https:\/\/goldentigertoy.com\/tr\/nesne\/\" \/>\n<meta property=\"og:locale\" content=\"tr_TR\" \/>\n<meta property=\"og:type\" content=\"article\" \/>\n<meta property=\"og:title\" content=\"nesne\" \/>\n<meta property=\"og:url\" content=\"https:\/\/goldentigertoy.com\/tr\/nesne\/\" \/>\n<meta property=\"og:site_name\" content=\"\u0641\u0631\u0648\u0634\u06af\u0627\u0647 \u0627\u0633\u0628\u0627\u0628 \u0628\u0627\u0632\u06cc \u06af\u0644\u062f\u0646 \u062a\u0627\u06cc\u06af\u0631\" \/>\n<meta property=\"article:modified_time\" content=\"2022-11-08T13:10:38+00:00\" \/>\n<meta name=\"twitter:card\" content=\"summary_large_image\" \/>\n<script type=\"application\/ld+json\" class=\"yoast-schema-graph\">{\"@context\":\"https:\/\/schema.org\",\"@graph\":[{\"@type\":\"WebPage\",\"@id\":\"https:\/\/goldentigertoy.com\/tr\/nesne\/\",\"url\":\"https:\/\/goldentigertoy.com\/tr\/nesne\/\",\"name\":\"nesne - \u0641\u0631\u0648\u0634\u06af\u0627\u0647 \u0627\u0633\u0628\u0627\u0628 \u0628\u0627\u0632\u06cc \u06af\u0644\u062f\u0646 \u062a\u0627\u06cc\u06af\u0631\",\"isPartOf\":{\"@id\":\"https:\/\/goldentigertoy.com\/tr\/#website\"},\"datePublished\":\"2022-11-02T06:50:05+00:00\",\"dateModified\":\"2022-11-08T13:10:38+00:00\",\"breadcrumb\":{\"@id\":\"https:\/\/goldentigertoy.com\/tr\/nesne\/#breadcrumb\"},\"inLanguage\":\"tr\",\"potentialAction\":[{\"@type\":\"ReadAction\",\"target\":[\"https:\/\/goldentigertoy.com\/tr\/nesne\/\"]}]},{\"@type\":\"BreadcrumbList\",\"@id\":\"https:\/\/goldentigertoy.com\/tr\/nesne\/#breadcrumb\",\"itemListElement\":[{\"@type\":\"ListItem\",\"position\":1,\"name\":\"Home\",\"item\":\"https:\/\/goldentigertoy.com\/tr\/\"},{\"@type\":\"ListItem\",\"position\":2,\"name\":\"nesne\"}]},{\"@type\":\"WebSite\",\"@id\":\"https:\/\/goldentigertoy.com\/tr\/#website\",\"url\":\"https:\/\/goldentigertoy.com\/tr\/\",\"name\":\"\u0641\u0631\u0648\u0634\u06af\u0627\u0647 \u0627\u0633\u0628\u0627\u0628 \u0628\u0627\u0632\u06cc \u06af\u0644\u062f\u0646 \u062a\u0627\u06cc\u06af\u0631\",\"description\":\"\u06af\u0644\u062f\u0646 \u062a\u0627\u06cc\u06af\u0631\",\"potentialAction\":[{\"@type\":\"SearchAction\",\"target\":{\"@type\":\"EntryPoint\",\"urlTemplate\":\"https:\/\/goldentigertoy.com\/tr\/?s={search_term_string}\"},\"query-input\":{\"@type\":\"PropertyValueSpecification\",\"valueRequired\":true,\"valueName\":\"search_term_string\"}}],\"inLanguage\":\"tr\"}]}<\/script>\n<!-- \/ Yoast SEO Premium plugin. -->","yoast_head_json":{"title":"nesne - \u0641\u0631\u0648\u0634\u06af\u0627\u0647 \u0627\u0633\u0628\u0627\u0628 \u0628\u0627\u0632\u06cc \u06af\u0644\u062f\u0646 \u062a\u0627\u06cc\u06af\u0631","robots":{"index":"index","follow":"follow","max-snippet":"max-snippet:-1","max-image-preview":"max-image-preview:large","max-video-preview":"max-video-preview:-1"},"canonical":"https:\/\/goldentigertoy.com\/tr\/nesne\/","og_locale":"tr_TR","og_type":"article","og_title":"nesne","og_url":"https:\/\/goldentigertoy.com\/tr\/nesne\/","og_site_name":"\u0641\u0631\u0648\u0634\u06af\u0627\u0647 \u0627\u0633\u0628\u0627\u0628 \u0628\u0627\u0632\u06cc \u06af\u0644\u062f\u0646 \u062a\u0627\u06cc\u06af\u0631","article_modified_time":"2022-11-08T13:10:38+00:00","twitter_card":"summary_large_image","schema":{"@context":"https:\/\/schema.org","@graph":[{"@type":"WebPage","@id":"https:\/\/goldentigertoy.com\/tr\/nesne\/","url":"https:\/\/goldentigertoy.com\/tr\/nesne\/","name":"nesne - \u0641\u0631\u0648\u0634\u06af\u0627\u0647 \u0627\u0633\u0628\u0627\u0628 \u0628\u0627\u0632\u06cc \u06af\u0644\u062f\u0646 \u062a\u0627\u06cc\u06af\u0631","isPartOf":{"@id":"https:\/\/goldentigertoy.com\/tr\/#website"},"datePublished":"2022-11-02T06:50:05+00:00","dateModified":"2022-11-08T13:10:38+00:00","breadcrumb":{"@id":"https:\/\/goldentigertoy.com\/tr\/nesne\/#breadcrumb"},"inLanguage":"tr","potentialAction":[{"@type":"ReadAction","target":["https:\/\/goldentigertoy.com\/tr\/nesne\/"]}]},{"@type":"BreadcrumbList","@id":"https:\/\/goldentigertoy.com\/tr\/nesne\/#breadcrumb","itemListElement":[{"@type":"ListItem","position":1,"name":"Home","item":"https:\/\/goldentigertoy.com\/tr\/"},{"@type":"ListItem","position":2,"name":"nesne"}]},{"@type":"WebSite","@id":"https:\/\/goldentigertoy.com\/tr\/#website","url":"https:\/\/goldentigertoy.com\/tr\/","name":"\u0641\u0631\u0648\u0634\u06af\u0627\u0647 \u0627\u0633\u0628\u0627\u0628 \u0628\u0627\u0632\u06cc \u06af\u0644\u062f\u0646 \u062a\u0627\u06cc\u06af\u0631","description":"\u06af\u0644\u062f\u0646 \u062a\u0627\u06cc\u06af\u0631","potentialAction":[{"@type":"SearchAction","target":{"@type":"EntryPoint","urlTemplate":"https:\/\/goldentigertoy.com\/tr\/?s={search_term_string}"},"query-input":{"@type":"PropertyValueSpecification","valueRequired":true,"valueName":"search_term_string"}}],"inLanguage":"tr"}]}},"_links":{"self":[{"href":"https:\/\/goldentigertoy.com\/tr\/wp-json\/wp\/v2\/pages\/12485","targetHints":{"allow":["GET"]}}],"collection":[{"href":"https:\/\/goldentigertoy.com\/tr\/wp-json\/wp\/v2\/pages"}],"about":[{"href":"https:\/\/goldentigertoy.com\/tr\/wp-json\/wp\/v2\/types\/page"}],"author":[{"embeddable":true,"href":"https:\/\/goldentigertoy.com\/tr\/wp-json\/wp\/v2\/users\/1"}],"replies":[{"embeddable":true,"href":"https:\/\/goldentigertoy.com\/tr\/wp-json\/wp\/v2\/comments?post=12485"}],"version-history":[{"count":0,"href":"https:\/\/goldentigertoy.com\/tr\/wp-json\/wp\/v2\/pages\/12485\/revisions"}],"wp:attachment":[{"href":"https:\/\/goldentigertoy.com\/tr\/wp-json\/wp\/v2\/media?parent=12485"}],"curies":[{"name":"wp","href":"https:\/\/api.w.org\/{rel}","templated":true}]}}